{"id":7777,"date":"2024-04-09T06:57:44","date_gmt":"2024-04-09T09:57:44","guid":{"rendered":"https:\/\/avabes.com.br\/?page_id=7777"},"modified":"2024-09-04T15:04:58","modified_gmt":"2024-09-04T18:04:58","slug":"licitacoes","status":"publish","type":"page","link":"https:\/\/avabes.com.br\/?page_id=7777","title":{"rendered":"Licita\u00e7\u00f5es"},"content":{"rendered":"\t\t<div data-elementor-type=\"wp-page\" data-elementor-id=\"7777\" class=\"elementor elementor-7777\" data-elementor-post-type=\"page\">\n\t\t\t\t\t\t<section class=\"elementor-section elementor-top-section elementor-element elementor-element-3b9d43a0 elementor-section-boxed elementor-section-height-default elementor-section-height-default\" data-id=\"3b9d43a0\" data-element_type=\"section\">\n\t\t\t\t\t\t<div class=\"elementor-container elementor-column-gap-default\">\n\t\t\t\t\t<div class=\"elementor-column elementor-col-100 elementor-top-column elementor-element elementor-element-576a7ca3\" data-id=\"576a7ca3\" data-element_type=\"column\">\n\t\t\t<div class=\"elementor-widget-wrap elementor-element-populated\">\n\t\t\t\t\t\t<div class=\"elementor-element elementor-element-3bfc475 elementor-widget elementor-widget-accordion\" data-id=\"3bfc475\" data-element_type=\"widget\" data-widget_type=\"accordion.default\">\n\t\t\t\t<div class=\"elementor-widget-container\">\n\t\t\t<style>\/*! elementor - v3.20.0 - 26-03-2024 *\/\n.elementor-accordion{text-align:left}.elementor-accordion .elementor-accordion-item{border:1px solid #d5d8dc}.elementor-accordion .elementor-accordion-item+.elementor-accordion-item{border-top:none}.elementor-accordion .elementor-tab-title{margin:0;padding:15px 20px;font-weight:700;line-height:1;cursor:pointer;outline:none}.elementor-accordion .elementor-tab-title .elementor-accordion-icon{display:inline-block;width:1.5em}.elementor-accordion .elementor-tab-title .elementor-accordion-icon svg{width:1em;height:1em}.elementor-accordion .elementor-tab-title .elementor-accordion-icon.elementor-accordion-icon-right{float:right;text-align:right}.elementor-accordion .elementor-tab-title .elementor-accordion-icon.elementor-accordion-icon-left{float:left;text-align:left}.elementor-accordion .elementor-tab-title .elementor-accordion-icon .elementor-accordion-icon-closed{display:block}.elementor-accordion .elementor-tab-title .elementor-accordion-icon .elementor-accordion-icon-opened,.elementor-accordion .elementor-tab-title.elementor-active .elementor-accordion-icon-closed{display:none}.elementor-accordion .elementor-tab-title.elementor-active .elementor-accordion-icon-opened{display:block}.elementor-accordion .elementor-tab-content{display:none;padding:15px 20px;border-top:1px solid #d5d8dc}@media (max-width:767px){.elementor-accordion .elementor-tab-title{padding:12px 15px}.elementor-accordion .elementor-tab-title .elementor-accordion-icon{width:1.2em}.elementor-accordion .elementor-tab-content{padding:7px 15px}}.e-con-inner>.elementor-widget-accordion,.e-con>.elementor-widget-accordion{width:var(--container-widget-width);--flex-grow:var(--container-widget-flex-grow)}<\/style>\t\t<div class=\"elementor-accordion\">\n\t\t\t\t\t\t\t<div class=\"elementor-accordion-item\">\n\t\t\t\t\t<div id=\"elementor-tab-title-6281\" class=\"elementor-tab-title\" data-tab=\"1\" role=\"button\" aria-controls=\"elementor-tab-content-6281\" aria-expanded=\"false\">\n\t\t\t\t\t\t\t\t\t\t\t\t\t<span class=\"elementor-accordion-icon elementor-accordion-icon-left\" aria-hidden=\"true\">\n\t\t\t\t\t\t\t\t\t\t\t\t\t\t\t<span class=\"elementor-accordion-icon-closed\"><svg class=\"e-font-icon-svg e-fas-plus\" viewBox=\"0 0 448 512\" xmlns=\"http:\/\/www.w3.org\/2000\/svg\"><path d=\"M416 208H272V64c0-17.67-14.33-32-32-32h-32c-17.67 0-32 14.33-32 32v144H32c-17.67 0-32 14.33-32 32v32c0 17.67 14.33 32 32 32h144v144c0 17.67 14.33 32 32 32h32c17.67 0 32-14.33 32-32V304h144c17.67 0 32-14.33 32-32v-32c0-17.67-14.33-32-32-32z\"><\/path><\/svg><\/span>\n\t\t\t\t\t\t\t\t<span class=\"elementor-accordion-icon-opened\"><svg class=\"e-font-icon-svg e-fas-minus\" viewBox=\"0 0 448 512\" xmlns=\"http:\/\/www.w3.org\/2000\/svg\"><path d=\"M416 208H32c-17.67 0-32 14.33-32 32v32c0 17.67 14.33 32 32 32h384c17.67 0 32-14.33 32-32v-32c0-17.67-14.33-32-32-32z\"><\/path><\/svg><\/span>\n\t\t\t\t\t\t\t\t\t\t\t\t\t\t<\/span>\n\t\t\t\t\t\t\t\t\t\t\t\t<a class=\"elementor-accordion-title\" tabindex=\"0\">2024<\/a>\n\t\t\t\t\t<\/div>\n\t\t\t\t\t<div id=\"elementor-tab-content-6281\" class=\"elementor-tab-content elementor-clearfix\" data-tab=\"1\" role=\"region\" aria-labelledby=\"elementor-tab-title-6281\"><ul><li><a href=\"https:\/\/avabes.com.br\/wp-content\/uploads\/2024\/04\/18.-AVISO-DE-COTACAO-PREVIA-002.2024-RH.pdf\"><strong>AVISO DE COTA\u00c7\u00c3O PR\u00c9VIA 002.2024 &#8211; RH<\/strong><\/a><\/li><li><a href=\"https:\/\/avabes.com.br\/wp-content\/uploads\/2024\/04\/18.-COTACAO-PREVIA-002.2024-RECURSOS-HUMANOS.pdf\"><strong>COTA\u00c7\u00c3O PR\u00c9VIA 002.2024 &#8211; RH<\/strong><\/a><\/li><li><a href=\"https:\/\/avabes.com.br\/wp-content\/uploads\/2024\/04\/18.1-AVISO-DE-COTACAO-PREVIA-001-MATERIAIS-2.pdf\"><strong>AVISO DE COTA\u00c7\u00c3O PR\u00c9VIA 001.2024 &#8211; MATERIAIS<\/strong><\/a><\/li><li><a href=\"https:\/\/avabes.com.br\/wp-content\/uploads\/2024\/04\/18.1-COTACAO-PREVIA-001-MATERIAIS-1.pdf\"><strong>COTA\u00c7\u00c3O PR\u00c9VIA 001.2024 \u2013 MATERIAIS<\/strong><\/a><\/li><li><a href=\"https:\/\/avabes.com.br\/wp-content\/uploads\/2024\/04\/18.-RESULTADO-DE-COTACAO-PREVIA-002.2024-RH-1.pdf\"><strong>RESULTADO DE COTA\u00c7\u00c3O PR\u00c9VIA 002.2024 &#8211; RH<\/strong><\/a><\/li><li><a href=\"https:\/\/avabes.com.br\/wp-content\/uploads\/2024\/04\/18.1-RESULTADO-DE-COTACAO-PREVIA-001-MATERIAIS-1.pdf\"><strong>RESULTADO DE COTA\u00c7\u00c3O 001.2024 &#8211; MATERIAIS<\/strong><\/a><\/li><\/ul><\/div>\n\t\t\t\t<\/div>\n\t\t\t\t\t\t\t\t<\/div>\n\t\t\t\t<\/div>\n\t\t\t\t<\/div>\n\t\t\t\t<div class=\"elementor-element elementor-element-5f30046 elementor-widget elementor-widget-text-editor\" data-id=\"5f30046\" data-element_type=\"widget\" data-widget_type=\"text-editor.default\">\n\t\t\t\t<div class=\"elementor-widget-container\">\n\t\t\t<style>\/*! elementor - v3.20.0 - 26-03-2024 *\/\n.elementor-widget-text-editor.elementor-drop-cap-view-stacked .elementor-drop-cap{background-color:#69727d;color:#fff}.elementor-widget-text-editor.elementor-drop-cap-view-framed .elementor-drop-cap{color:#69727d;border:3px solid;background-color:transparent}.elementor-widget-text-editor:not(.elementor-drop-cap-view-default) .elementor-drop-cap{margin-top:8px}.elementor-widget-text-editor:not(.elementor-drop-cap-view-default) .elementor-drop-cap-letter{width:1em;height:1em}.elementor-widget-text-editor .elementor-drop-cap{float:left;text-align:center;line-height:1;font-size:50px}.elementor-widget-text-editor .elementor-drop-cap-letter{display:inline-block}<\/style>\t\t\t\t<p><strong>Termo de fomento 941447\/2023 junto ao Minist\u00e9rio do Esporte para a Realiza\u00e7\u00e3o do Torneio AVABES no Estado do Esp\u00edrito Santo no valor de R$ 150.000,00<\/strong><\/p>\t\t\t\t\t\t<\/div>\n\t\t\t\t<\/div>\n\t\t\t\t\t<\/div>\n\t\t<\/div>\n\t\t\t\t\t<\/div>\n\t\t<\/section>\n\t\t\t\t<\/div>\n\t\t","protected":false},"excerpt":{"rendered":"<p>2024 AVISO DE COTA\u00c7\u00c3O PR\u00c9VIA 002.2024 &#8211; RH COTA\u00c7\u00c3O PR\u00c9VIA 002.2024 &#8211; RH AVISO DE COTA\u00c7\u00c3O PR\u00c9VIA 001.2024 &#8211; MATERIAIS COTA\u00c7\u00c3O PR\u00c9VIA 001.2024 \u2013 MATERIAIS RESULTADO DE COTA\u00c7\u00c3O PR\u00c9VIA 002.2024 &#8211; RH RESULTADO DE COTA\u00c7\u00c3O 001.2024 &#8211; MATERIAIS Termo de fomento 941447\/2023 junto ao Minist\u00e9rio do Esporte para a Realiza\u00e7\u00e3o do Torneio AVABES no Estado [&hellip;]<\/p>\n","protected":false},"author":1,"featured_media":0,"parent":0,"menu_order":0,"comment_status":"closed","ping_status":"closed","template":"","meta":{"footnotes":""},"class_list":["post-7777","page","type-page","status-publish","hentry"],"_links":{"self":[{"href":"https:\/\/avabes.com.br\/index.php?rest_route=\/wp\/v2\/pages\/7777","targetHints":{"allow":["GET"]}}],"collection":[{"href":"https:\/\/avabes.com.br\/index.php?rest_route=\/wp\/v2\/pages"}],"about":[{"href":"https:\/\/avabes.com.br\/index.php?rest_route=\/wp\/v2\/types\/page"}],"author":[{"embeddable":true,"href":"https:\/\/avabes.com.br\/index.php?rest_route=\/wp\/v2\/users\/1"}],"replies":[{"embeddable":true,"href":"https:\/\/avabes.com.br\/index.php?rest_route=%2Fwp%2Fv2%2Fcomments&post=7777"}],"version-history":[{"count":52,"href":"https:\/\/avabes.com.br\/index.php?rest_route=\/wp\/v2\/pages\/7777\/revisions"}],"predecessor-version":[{"id":7911,"href":"https:\/\/avabes.com.br\/index.php?rest_route=\/wp\/v2\/pages\/7777\/revisions\/7911"}],"wp:attachment":[{"href":"https:\/\/avabes.com.br\/index.php?rest_route=%2Fwp%2Fv2%2Fmedia&parent=7777"}],"curies":[{"name":"wp","href":"https:\/\/api.w.org\/{rel}","templated":true}]}}